{"id":4857,"date":"2022-08-29T10:15:01","date_gmt":"2022-08-29T08:15:01","guid":{"rendered":"http:\/\/54.75.99.204\/?page_id=4857"},"modified":"2025-08-27T10:01:22","modified_gmt":"2025-08-27T08:01:22","slug":"caretember","status":"publish","type":"page","link":"https:\/\/www.52-entertainment.com\/fr\/caretember\/","title":{"rendered":"Caretember"},"content":{"rendered":"<div data-colibri-id=\"4857-c1\" class=\"style-2681 style-local-4857-c1 position-relative\">\r\n  <!---->\r\n  <div data-colibri-component=\"section\" data-colibri-id=\"4857-c2\" id=\"header\" class=\"h-section h-section-global-spacing d-flex align-items-lg-center align-items-md-center align-items-center style-2682 style-local-4857-c2 position-relative\">\r\n    <!---->\r\n    <!---->\r\n    <div class=\"h-section-grid-container h-section-boxed-container\">\r\n      <!---->\r\n      <div data-colibri-id=\"4857-c3\" class=\"h-row-container gutters-row-lg-0 gutters-row-md-0 gutters-row-0 gutters-row-v-lg-0 gutters-row-v-md-0 gutters-row-v-0 style-2683 style-local-4857-c3 position-relative\">\r\n        <!---->\r\n        <div class=\"h-row justify-content-lg-center justify-content-md-center justify-content-center align-items-lg-stretch align-items-md-stretch align-items-stretch gutters-col-lg-0 gutters-col-md-0 gutters-col-0 gutters-col-v-lg-0 gutters-col-v-md-0 gutters-col-v-0\">\r\n          <!---->\r\n          <div class=\"h-column h-column-container d-flex h-col-lg-auto h-col-md-auto h-col-auto style-2684-outer style-local-4857-c4-outer\">\r\n            <div data-colibri-id=\"4857-c4\" class=\"d-flex h-flex-basis h-column__inner h-px-lg-2 h-px-md-2 h-px-2 v-inner-lg-2 v-inner-md-2 v-inner-2 style-2684 style-local-4857-c4 position-relative\">\r\n              <!---->\r\n              <!---->\r\n              <div class=\"w-100 h-y-container h-column__content h-column__v-align flex-basis-100 align-self-lg-center align-self-md-center align-self-center\">\r\n                <!---->\r\n                <div data-colibri-id=\"4857-c5\" class=\"h-global-transition-all h-heading style-2685 style-local-4857-c5 position-relative h-element\">\r\n                  <!---->\r\n                  <div class=\"h-heading__outer style-2685 style-local-4857-c5\">\r\n                    <!---->\r\n                    <!---->\r\n                    <h1 class=\"\"><span style=\"color: rgb(255, 255, 255);\">Notre engagement \u00e0 l'\u00e9gard de<\/span> l'environnement<\/h1>\r\n                  <\/div>\r\n                <\/div>\r\n                <div data-colibri-id=\"4857-c6\" class=\"h-text h-text-component style-2686 style-local-4857-c6 position-relative h-element\">\r\n                  <!---->\r\n                  <!---->\r\n                  <div class=\"\">\r\n                    <p>Un programme RSE impactant<\/p>\r\n                  <\/div>\r\n                <\/div>\r\n              <\/div>\r\n            <\/div>\r\n          <\/div>\r\n          <div class=\"h-column h-column-container d-flex h-col-lg-auto h-col-md-auto h-col-auto style-2687-outer style-local-4857-c7-outer\">\r\n            <div data-colibri-id=\"4857-c7\" class=\"d-flex h-flex-basis h-column__inner h-px-lg-0 h-px-md-0 h-px-0 v-inner-lg-0 v-inner-md-0 v-inner-0 style-2687 style-local-4857-c7 position-relative\">\r\n              <!---->\r\n              <!---->\r\n              <div class=\"w-100 h-y-container h-column__content h-column__v-align flex-basis-100 align-self-lg-start align-self-md-start align-self-start\">\r\n                <!---->\r\n                <div data-colibri-id=\"4857-c8\" class=\"d-block style-2688 style-local-4857-c8 position-relative h-element\">\r\n                  <!---->\r\n                  <div class=\"h-image__frame-container-outer\">\r\n                    <div class=\"h-image__frame-container\">\r\n                      <!---->\r\n                      <!---->\r\n                      <img loading=\"lazy\" decoding=\"async\" width=\"1986\" height=\"1396\" src=\"\/wp-content\/uploads\/2022\/06\/52entertainment_visuPortail_Dimpact52_v2_front-1.png\" class=\"wp-image-2931 style-2688-image style-local-4857-c8-image\" alt=\"\" srcset=\"https:\/\/www.52-entertainment.com\/wp-content\/uploads\/2022\/06\/52entertainment_visuPortail_Dimpact52_v2_front-1.png 1986w, https:\/\/www.52-entertainment.com\/wp-content\/uploads\/2022\/06\/52entertainment_visuPortail_Dimpact52_v2_front-1-300x211.png 300w, https:\/\/www.52-entertainment.com\/wp-content\/uploads\/2022\/06\/52entertainment_visuPortail_Dimpact52_v2_front-1-1024x720.png 1024w, https:\/\/www.52-entertainment.com\/wp-content\/uploads\/2022\/06\/52entertainment_visuPortail_Dimpact52_v2_front-1-768x540.png 768w, https:\/\/www.52-entertainment.com\/wp-content\/uploads\/2022\/06\/52entertainment_visuPortail_Dimpact52_v2_front-1-1536x1080.png 1536w, https:\/\/www.52-entertainment.com\/wp-content\/uploads\/2022\/06\/52entertainment_visuPortail_Dimpact52_v2_front-1-18x12.png 18w\" sizes=\"auto, (max-width: 1986px) 100vw, 1986px\" \/>\r\n                      <div class=\"h-image__frame h-hide-lg h-hide-md h-hide-sm style-2688-frameImage style-local-4857-c8-frameImage\"><\/div>\r\n                    <\/div>\r\n                  <\/div>\r\n                <\/div>\r\n              <\/div>\r\n            <\/div>\r\n          <\/div>\r\n        <\/div>\r\n      <\/div>\r\n    <\/div>\r\n  <\/div>\r\n  <div data-colibri-component=\"section\" data-colibri-id=\"4857-c13\" id=\"custom\" class=\"h-section h-section-global-spacing d-flex align-items-lg-center align-items-md-center align-items-center style-2693 style-local-4857-c13 position-relative\">\r\n    <!---->\r\n    <!---->\r\n    <div class=\"h-section-grid-container h-section-boxed-container\">\r\n      <!---->\r\n      <div data-colibri-id=\"4857-c14\" class=\"h-row-container gutters-row-lg-2 gutters-row-md-2 gutters-row-0 gutters-row-v-lg-2 gutters-row-v-md-2 gutters-row-v-2 style-2694 style-local-4857-c14 position-relative\">\r\n        <!---->\r\n        <div class=\"h-row justify-content-lg-center justify-content-md-center justify-content-center align-items-lg-stretch align-items-md-stretch align-items-stretch gutters-col-lg-2 gutters-col-md-2 gutters-col-0 gutters-col-v-lg-2 gutters-col-v-md-2 gutters-col-v-2\">\r\n          <!---->\r\n          <div class=\"h-column h-column-container d-flex h-col-lg-auto h-col-md-auto h-col-auto style-2695-outer style-local-4857-c15-outer\">\r\n            <div data-colibri-id=\"4857-c15\" class=\"d-flex h-flex-basis h-column__inner h-px-lg-2 h-px-md-2 h-px-2 v-inner-lg-2 v-inner-md-2 v-inner-2 style-2695 style-local-4857-c15 position-relative\">\r\n              <!---->\r\n              <!---->\r\n              <div class=\"w-100 h-y-container h-column__content h-column__v-align flex-basis-100 align-self-lg-start align-self-md-start align-self-start\">\r\n                <!---->\r\n                <div data-colibri-id=\"4857-c16\" class=\"page-title style-2696 style-local-4857-c16 position-relative h-element\">\r\n                  <!---->\r\n                  <div class=\"h-page-title__outer style-2696-outer style-local-4857-c16-outer\">\r\n                    <div class=\"h-global-transition-all\"><span><h1 style='margin-bottom:0'>Caretember<\/h1><\/span><\/div>\r\n                  <\/div>\r\n                <\/div>\r\n                <div data-colibri-id=\"4857-c17\" class=\"h-global-transition-all h-heading style-2702 style-local-4857-c17 position-relative h-element\">\r\n                  <!---->\r\n                  <div class=\"h-heading__outer style-2702 style-local-4857-c17\">\r\n                    <!---->\r\n                    <!---->\r\n                    <h2 class=\"\">&#8220;September giving&#8221; by Impact 52<\/h2>\r\n                  <\/div>\r\n                <\/div>\r\n                <div data-colibri-id=\"4857-c18\" class=\"h-text h-text-component style-2697 style-local-4857-c18 position-relative h-element\">\r\n                  <!---->\r\n                  <!---->\r\n                  <div class=\"\">\r\n                    <p>Impact 52 lance \"Caretember\", une initiative de don qui permet \u00e0 chacun d'allouer son Bonus d'Impact pendant tout le mois de septembre 2022 \u00e0 l'association, l'organisation, l'ONG... de son choix.<\/p>\r\n                    <p>Cette \"Impact Bonus\" est une opportunit\u00e9 extraordinaire offerte par 52 Entertainment \u00e0 tous les employ\u00e9s. Cr\u00e9\u00e9 avec notre partenaire \" NooS global \", Caretember se d\u00e9roule tout au long du mois de septembre. Et cela ne s'arr\u00eate pas l\u00e0. <\/p>\r\n                  <\/div>\r\n                <\/div>\r\n                <div data-colibri-id=\"4857-c19\" class=\"h-x-container style-2717 style-local-4857-c19 position-relative h-element\">\r\n                  <!---->\r\n                  <div class=\"h-x-container-inner style-dynamic-4857-c19-group style-2717-spacing style-local-4857-c19-spacing\"><span class=\"h-button__outer style-2718-outer style-local-4857-c20-outer d-inline-flex h-element\"><a h-use-smooth-scroll=\"true\" href=\"https:\/\/www.noos.global\/\"  data-colibri-id=\"4857-c20\" class=\"d-flex w-100 align-items-center h-button justify-content-lg-center justify-content-md-center justify-content-center style-2718 style-local-4857-c20 position-relative\"><!----><!----> <span>D\u00e9couvrir NooS<\/span><\/a>\r\n                    <\/span>\r\n                  <\/div>\r\n                <\/div>\r\n                <div data-colibri-id=\"4857-c21\" class=\"h-global-transition-all h-heading style-2703 style-local-4857-c21 position-relative h-element\">\r\n                  <!---->\r\n                  <div class=\"h-heading__outer style-2703 style-local-4857-c21\">\r\n                    <!---->\r\n                    <!---->\r\n                    <h2 class=\"\">Comment fonctionne l'Impact Bonus ?<\/h2>\r\n                  <\/div>\r\n                <\/div>\r\n                <div data-colibri-id=\"4857-c22\" class=\"h-text h-text-component style-2697 style-local-4857-c22 position-relative h-element\">\r\n                  <!---->\r\n                  <!---->\r\n                  <div class=\"\">\r\n                    <p>Using the NooS platform, and the Impact Bonus, every employee has the power to support the causes close to your heart. From climate to education to inclusion, we have a wide range of impactful projects that have a tangible benefit\r\n                      to our planet and society.<\/p>\r\n                  <\/div>\r\n                <\/div>\r\n              <\/div>\r\n            <\/div>\r\n          <\/div>\r\n        <\/div>\r\n      <\/div>\r\n      <div data-colibri-id=\"4857-c23\" class=\"h-row-container gutters-row-lg-2 gutters-row-md-2 gutters-row-0 gutters-row-v-lg-2 gutters-row-v-md-2 gutters-row-v-2 style-2704 style-local-4857-c23 position-relative\">\r\n        <!---->\r\n        <div class=\"h-row justify-content-lg-center justify-content-md-center justify-content-center align-items-lg-stretch align-items-md-stretch align-items-stretch gutters-col-lg-2 gutters-col-md-2 gutters-col-0 gutters-col-v-lg-2 gutters-col-v-md-2 gutters-col-v-2\">\r\n          <!---->\r\n          <div class=\"h-column h-column-container d-flex h-col-lg-auto h-col-md-auto h-col-auto style-2705-outer style-local-4857-c24-outer\">\r\n            <div data-colibri-id=\"4857-c24\" class=\"d-flex h-flex-basis h-column__inner h-px-lg-2 h-px-md-2 h-px-2 v-inner-lg-2 v-inner-md-2 v-inner-2 style-2705 style-local-4857-c24 position-relative\">\r\n              <!---->\r\n              <!---->\r\n              <div class=\"w-100 h-y-container h-column__content h-column__v-align flex-basis-100 align-self-lg-start align-self-md-start align-self-start\">\r\n                <!---->\r\n                <div data-colibri-id=\"4857-c25\" class=\"h-global-transition-all h-heading style-2706 style-local-4857-c25 position-relative h-element\">\r\n                  <!---->\r\n                  <div class=\"h-heading__outer style-2706 style-local-4857-c25\">\r\n                    <!---->\r\n                    <!---->\r\n                    <h2 class=\"\">Divers projets impactant pour vous permettre d'agir positivement :<\/h2>\r\n                  <\/div>\r\n                <\/div>\r\n              <\/div>\r\n            <\/div>\r\n          <\/div>\r\n        <\/div>\r\n      <\/div>\r\n      <div data-colibri-id=\"4857-c26\" class=\"h-row-container gutters-row-lg-2 gutters-row-md-2 gutters-row-0 gutters-row-v-lg-2 gutters-row-v-md-2 gutters-row-v-2 style-2719 style-local-4857-c26 position-relative\">\r\n        <!---->\r\n        <div class=\"h-row justify-content-lg-center justify-content-md-center justify-content-center align-items-lg-stretch align-items-md-stretch align-items-stretch gutters-col-lg-2 gutters-col-md-2 gutters-col-0 gutters-col-v-lg-2 gutters-col-v-md-2 gutters-col-v-2\">\r\n          <!---->\r\n          <div class=\"h-column h-column-container d-flex h-col-lg-auto h-col-md-auto h-col-auto style-2720-outer style-local-4857-c27-outer\">\r\n            <div data-colibri-id=\"4857-c27\" class=\"d-flex h-flex-basis h-column__inner h-px-lg-2 h-px-md-2 h-px-2 v-inner-lg-2 v-inner-md-2 v-inner-2 style-2720 style-local-4857-c27 position-relative\">\r\n              <!---->\r\n              <!---->\r\n              <div class=\"w-100 h-y-container h-column__content h-column__v-align flex-basis-100 align-self-lg-start align-self-md-start align-self-start\">\r\n                <!---->\r\n                <div data-colibri-id=\"4857-c28\" class=\"d-block style-2721 style-local-4857-c28 position-relative h-element\">\r\n                  <!---->\r\n                  <div class=\"h-image__frame-container-outer\">\r\n                    <div class=\"h-image__frame-container\">\r\n                      <!---->\r\n                      <!---->\r\n                      <img loading=\"lazy\" decoding=\"async\" width=\"1050\" height=\"1050\" src=\"http:\/\/54.75.99.204\/wp-content\/uploads\/2023\/11\/cropped-Donation-Noos.png\" class=\"wp-image-7258 style-2721-image style-local-4857-c28-image\" alt=\"\" srcset=\"https:\/\/www.52-entertainment.com\/wp-content\/uploads\/2023\/11\/cropped-Donation-Noos.png 1050w, https:\/\/www.52-entertainment.com\/wp-content\/uploads\/2023\/11\/cropped-Donation-Noos-300x300.png 300w, https:\/\/www.52-entertainment.com\/wp-content\/uploads\/2023\/11\/cropped-Donation-Noos-1024x1024.png 1024w, https:\/\/www.52-entertainment.com\/wp-content\/uploads\/2023\/11\/cropped-Donation-Noos-150x150.png 150w, https:\/\/www.52-entertainment.com\/wp-content\/uploads\/2023\/11\/cropped-Donation-Noos-768x768.png 768w, https:\/\/www.52-entertainment.com\/wp-content\/uploads\/2023\/11\/cropped-Donation-Noos-12x12.png 12w\" sizes=\"auto, (max-width: 1050px) 100vw, 1050px\" \/>\r\n                      <div class=\"h-image__frame h-hide-lg h-hide-md h-hide-sm style-2721-frameImage style-local-4857-c28-frameImage\"><\/div>\r\n                    <\/div>\r\n                  <\/div>\r\n                <\/div>\r\n              <\/div>\r\n            <\/div>\r\n          <\/div>\r\n        <\/div>\r\n      <\/div>\r\n    <\/div>\r\n  <\/div>\r\n<\/div>","protected":false},"excerpt":{"rendered":"<p>Our journey to sustainability A meaningful global CSR program &#8220;September giving&#8221; by Impact 52 Impact 52 are introducing \u201cCaretember\u201d, a donation initiative that allows everyone to allocate their Impact Bonus during the entire month of September 2022 to the association, organization, NGO&#8230; of their choice. This \u201cimpact bonus\u201d is an amazing opportunity being offered by [&hellip;]<\/p>\n","protected":false},"author":2,"featured_media":0,"parent":0,"menu_order":0,"comment_status":"closed","ping_status":"closed","template":"page-templates\/full-width-page.php","meta":{"footnotes":""},"class_list":["post-4857","page","type-page","status-publish","hentry"],"yoast_head":"<!-- This site is optimized with the Yoast SEO plugin v27.3 - https:\/\/yoast.com\/product\/yoast-seo-wordpress\/ -->\n<title>Caretember - 52 Entertainment<\/title>\n<meta name=\"description\" content=\"Caretember by Impact 52 empowers employees to give back by allocating their Impact Bonus to causes like climate, education, and inclusion.\" \/>\n<meta name=\"robots\" content=\"index, follow, max-snippet:-1, max-image-preview:large, max-video-preview:-1\" \/>\n<link rel=\"canonical\" href=\"https:\/\/www.52-entertainment.com\/fr\/caretember\/\" \/>\n<meta property=\"og:locale\" content=\"fr_FR\" \/>\n<meta property=\"og:type\" content=\"article\" \/>\n<meta property=\"og:title\" content=\"Caretember - 52 Entertainment\" \/>\n<meta property=\"og:description\" content=\"Caretember by Impact 52 empowers employees to give back by allocating their Impact Bonus to causes like climate, education, and inclusion.\" \/>\n<meta property=\"og:url\" content=\"https:\/\/www.52-entertainment.com\/fr\/caretember\/\" \/>\n<meta property=\"og:site_name\" content=\"52 Entertainment\" \/>\n<meta property=\"article:modified_time\" content=\"2025-08-27T08:01:22+00:00\" \/>\n<meta property=\"og:image\" content=\"http:\/\/54.75.99.204\/wp-content\/uploads\/2023\/11\/cropped-Donation-Noos.png\" \/>\n<meta name=\"twitter:card\" content=\"summary_large_image\" \/>\n<meta name=\"twitter:label1\" content=\"Dur\u00e9e de lecture estim\u00e9e\" \/>\n\t<meta name=\"twitter:data1\" content=\"2 minutes\" \/>\n<script type=\"application\/ld+json\" class=\"yoast-schema-graph\">{\"@context\":\"https:\\\/\\\/schema.org\",\"@graph\":[{\"@type\":\"WebPage\",\"@id\":\"https:\\\/\\\/www.52-entertainment.com\\\/caretember\\\/\",\"url\":\"https:\\\/\\\/www.52-entertainment.com\\\/caretember\\\/\",\"name\":\"Caretember - 52 Entertainment\",\"isPartOf\":{\"@id\":\"https:\\\/\\\/52-entertainment.com\\\/#website\"},\"primaryImageOfPage\":{\"@id\":\"https:\\\/\\\/www.52-entertainment.com\\\/caretember\\\/#primaryimage\"},\"image\":{\"@id\":\"https:\\\/\\\/www.52-entertainment.com\\\/caretember\\\/#primaryimage\"},\"thumbnailUrl\":\"http:\\\/\\\/54.75.99.204\\\/wp-content\\\/uploads\\\/2023\\\/11\\\/cropped-Donation-Noos.png\",\"datePublished\":\"2022-08-29T08:15:01+00:00\",\"dateModified\":\"2025-08-27T08:01:22+00:00\",\"description\":\"Caretember by Impact 52 empowers employees to give back by allocating their Impact Bonus to causes like climate, education, and inclusion.\",\"breadcrumb\":{\"@id\":\"https:\\\/\\\/www.52-entertainment.com\\\/caretember\\\/#breadcrumb\"},\"inLanguage\":\"fr-FR\",\"potentialAction\":[{\"@type\":\"ReadAction\",\"target\":[\"https:\\\/\\\/www.52-entertainment.com\\\/caretember\\\/\"]}]},{\"@type\":\"ImageObject\",\"inLanguage\":\"fr-FR\",\"@id\":\"https:\\\/\\\/www.52-entertainment.com\\\/caretember\\\/#primaryimage\",\"url\":\"http:\\\/\\\/54.75.99.204\\\/wp-content\\\/uploads\\\/2023\\\/11\\\/cropped-Donation-Noos.png\",\"contentUrl\":\"http:\\\/\\\/54.75.99.204\\\/wp-content\\\/uploads\\\/2023\\\/11\\\/cropped-Donation-Noos.png\"},{\"@type\":\"BreadcrumbList\",\"@id\":\"https:\\\/\\\/www.52-entertainment.com\\\/caretember\\\/#breadcrumb\",\"itemListElement\":[{\"@type\":\"ListItem\",\"position\":1,\"name\":\"Home\",\"item\":\"https:\\\/\\\/52-entertainment.com\\\/\"},{\"@type\":\"ListItem\",\"position\":2,\"name\":\"Caretember\"}]},{\"@type\":\"WebSite\",\"@id\":\"https:\\\/\\\/52-entertainment.com\\\/#website\",\"url\":\"https:\\\/\\\/52-entertainment.com\\\/\",\"name\":\"52 Entertainment\",\"description\":\"BRIDGE \\\/ MIND GAMES \\\/ NO LIMITS ...\",\"publisher\":{\"@id\":\"https:\\\/\\\/52-entertainment.com\\\/#organization\"},\"potentialAction\":[{\"@type\":\"SearchAction\",\"target\":{\"@type\":\"EntryPoint\",\"urlTemplate\":\"https:\\\/\\\/52-entertainment.com\\\/?s={search_term_string}\"},\"query-input\":{\"@type\":\"PropertyValueSpecification\",\"valueRequired\":true,\"valueName\":\"search_term_string\"}}],\"inLanguage\":\"fr-FR\"},{\"@type\":\"Organization\",\"@id\":\"https:\\\/\\\/52-entertainment.com\\\/#organization\",\"name\":\"52 Entertainment\",\"url\":\"https:\\\/\\\/52-entertainment.com\\\/\",\"logo\":{\"@type\":\"ImageObject\",\"inLanguage\":\"fr-FR\",\"@id\":\"https:\\\/\\\/52-entertainment.com\\\/#\\\/schema\\\/logo\\\/image\\\/\",\"url\":\"https:\\\/\\\/www.52-entertainment.com\\\/wp-content\\\/uploads\\\/2022\\\/03\\\/cropped-logo-52.png\",\"contentUrl\":\"https:\\\/\\\/www.52-entertainment.com\\\/wp-content\\\/uploads\\\/2022\\\/03\\\/cropped-logo-52.png\",\"width\":300,\"height\":300,\"caption\":\"52 Entertainment\"},\"image\":{\"@id\":\"https:\\\/\\\/52-entertainment.com\\\/#\\\/schema\\\/logo\\\/image\\\/\"},\"sameAs\":[\"https:\\\/\\\/www.linkedin.com\\\/company\\\/52-entertainment\\\/\"]}]}<\/script>\n<!-- \/ Yoast SEO plugin. -->","yoast_head_json":{"title":"Caretember - 52 Entertainment","description":"Caretember by Impact 52 empowers employees to give back by allocating their Impact Bonus to causes like climate, education, and inclusion.","robots":{"index":"index","follow":"follow","max-snippet":"max-snippet:-1","max-image-preview":"max-image-preview:large","max-video-preview":"max-video-preview:-1"},"canonical":"https:\/\/www.52-entertainment.com\/fr\/caretember\/","og_locale":"fr_FR","og_type":"article","og_title":"Caretember - 52 Entertainment","og_description":"Caretember by Impact 52 empowers employees to give back by allocating their Impact Bonus to causes like climate, education, and inclusion.","og_url":"https:\/\/www.52-entertainment.com\/fr\/caretember\/","og_site_name":"52 Entertainment","article_modified_time":"2025-08-27T08:01:22+00:00","og_image":[{"url":"http:\/\/54.75.99.204\/wp-content\/uploads\/2023\/11\/cropped-Donation-Noos.png","type":"","width":"","height":""}],"twitter_card":"summary_large_image","twitter_misc":{"Dur\u00e9e de lecture estim\u00e9e":"2 minutes"},"schema":{"@context":"https:\/\/schema.org","@graph":[{"@type":"WebPage","@id":"https:\/\/www.52-entertainment.com\/caretember\/","url":"https:\/\/www.52-entertainment.com\/caretember\/","name":"Caretember - 52 Entertainment","isPartOf":{"@id":"https:\/\/52-entertainment.com\/#website"},"primaryImageOfPage":{"@id":"https:\/\/www.52-entertainment.com\/caretember\/#primaryimage"},"image":{"@id":"https:\/\/www.52-entertainment.com\/caretember\/#primaryimage"},"thumbnailUrl":"http:\/\/54.75.99.204\/wp-content\/uploads\/2023\/11\/cropped-Donation-Noos.png","datePublished":"2022-08-29T08:15:01+00:00","dateModified":"2025-08-27T08:01:22+00:00","description":"Caretember by Impact 52 empowers employees to give back by allocating their Impact Bonus to causes like climate, education, and inclusion.","breadcrumb":{"@id":"https:\/\/www.52-entertainment.com\/caretember\/#breadcrumb"},"inLanguage":"fr-FR","potentialAction":[{"@type":"ReadAction","target":["https:\/\/www.52-entertainment.com\/caretember\/"]}]},{"@type":"ImageObject","inLanguage":"fr-FR","@id":"https:\/\/www.52-entertainment.com\/caretember\/#primaryimage","url":"http:\/\/54.75.99.204\/wp-content\/uploads\/2023\/11\/cropped-Donation-Noos.png","contentUrl":"http:\/\/54.75.99.204\/wp-content\/uploads\/2023\/11\/cropped-Donation-Noos.png"},{"@type":"BreadcrumbList","@id":"https:\/\/www.52-entertainment.com\/caretember\/#breadcrumb","itemListElement":[{"@type":"ListItem","position":1,"name":"Home","item":"https:\/\/52-entertainment.com\/"},{"@type":"ListItem","position":2,"name":"Caretember"}]},{"@type":"WebSite","@id":"https:\/\/52-entertainment.com\/#website","url":"https:\/\/52-entertainment.com\/","name":"52 Entertainment","description":"BRIDGE \/ MIND GAMES \/ NO LIMITS ...","publisher":{"@id":"https:\/\/52-entertainment.com\/#organization"},"potentialAction":[{"@type":"SearchAction","target":{"@type":"EntryPoint","urlTemplate":"https:\/\/52-entertainment.com\/?s={search_term_string}"},"query-input":{"@type":"PropertyValueSpecification","valueRequired":true,"valueName":"search_term_string"}}],"inLanguage":"fr-FR"},{"@type":"Organization","@id":"https:\/\/52-entertainment.com\/#organization","name":"52 Entertainment","url":"https:\/\/52-entertainment.com\/","logo":{"@type":"ImageObject","inLanguage":"fr-FR","@id":"https:\/\/52-entertainment.com\/#\/schema\/logo\/image\/","url":"https:\/\/www.52-entertainment.com\/wp-content\/uploads\/2022\/03\/cropped-logo-52.png","contentUrl":"https:\/\/www.52-entertainment.com\/wp-content\/uploads\/2022\/03\/cropped-logo-52.png","width":300,"height":300,"caption":"52 Entertainment"},"image":{"@id":"https:\/\/52-entertainment.com\/#\/schema\/logo\/image\/"},"sameAs":["https:\/\/www.linkedin.com\/company\/52-entertainment\/"]}]}},"_links":{"self":[{"href":"https:\/\/www.52-entertainment.com\/fr\/wp-json\/wp\/v2\/pages\/4857","targetHints":{"allow":["GET"]}}],"collection":[{"href":"https:\/\/www.52-entertainment.com\/fr\/wp-json\/wp\/v2\/pages"}],"about":[{"href":"https:\/\/www.52-entertainment.com\/fr\/wp-json\/wp\/v2\/types\/page"}],"author":[{"embeddable":true,"href":"https:\/\/www.52-entertainment.com\/fr\/wp-json\/wp\/v2\/users\/2"}],"replies":[{"embeddable":true,"href":"https:\/\/www.52-entertainment.com\/fr\/wp-json\/wp\/v2\/comments?post=4857"}],"version-history":[{"count":14,"href":"https:\/\/www.52-entertainment.com\/fr\/wp-json\/wp\/v2\/pages\/4857\/revisions"}],"predecessor-version":[{"id":7261,"href":"https:\/\/www.52-entertainment.com\/fr\/wp-json\/wp\/v2\/pages\/4857\/revisions\/7261"}],"wp:attachment":[{"href":"https:\/\/www.52-entertainment.com\/fr\/wp-json\/wp\/v2\/media?parent=4857"}],"curies":[{"name":"wp","href":"https:\/\/api.w.org\/{rel}","templated":true}]}}